{"id":4356,"date":"2025-09-01T15:49:24","date_gmt":"2025-09-01T13:49:24","guid":{"rendered":"https:\/\/idetails.pl\/?post_type=product&#038;p=4356"},"modified":"2026-03-22T15:39:53","modified_gmt":"2026-03-22T14:39:53","slug":"nowosc-oslony-dolne-tunelu-srodkowego-cupra-formentor-cupra-leon-kolor-petrol-blue","status":"publish","type":"product","link":"https:\/\/idetails.pl\/en\/product\/nowosc-oslony-dolne-tunelu-srodkowego-cupra-formentor-cupra-leon-kolor-petrol-blue\/","title":{"rendered":"NOWO\u015a\u0106! Os\u0142ony dolne tunelu \u015brodkowego CUPRA Formentor \/ CUPRA Leon kolor PETROL BLUE"},"content":{"rendered":"<p>The elements are handcrafted using carefully selected top quality ecological leather. We offer a ready-to-install product. The trimmed elements with copper-colored stitching definitely improve the appearance of the vehicle's interior, adding even more quality and providing a sense of luxury.<\/p>\n<p>A special softening spacer is used under the material, making both covers soft and pleasant to the touch!<\/p>\n<p>The elements are installed in place of the originally used plastic covers. An additional advantage of installing these additions is the reduction of mechanical damage at the corners of the tunnel.<\/p>\n<p>Custom-made stitching is non-returnable.<\/p>","protected":false},"excerpt":{"rendered":"<p>Gotowe, obszyte, dolne os\u0142ony tunelu \u015brodkowego dedykowane do aut CUPRA Formentor oraz CUPRA Leon (2020-26) w kolorze PETROL BLUE.<\/p>\n<p>We only sew on brand new original covers, which are included in the price. You receive a ready, complete product, you do not have to send back your plastic covers.<\/p>\n<p>Estimated production time in the event of non-stock is up to 30 working days from the date of order.<\/p>\n<p>Price per set (right and left side).<\/p>\n<p>Proof of purchase: receipt or invoice without VAT.<\/p>","protected":false},"featured_media":4346,"comment_status":"open","ping_status":"closed","template":"","meta":[],"product_brand":[],"product_cat":[68,67,66,76],"product_tag":[],"class_list":{"0":"post-4356","1":"product","2":"type-product","3":"status-publish","4":"has-post-thumbnail","6":"product_cat-cupra-formentor","7":"product_cat-cupra-leon","8":"product_cat-petrol-blue","9":"product_cat-skora-ekologiczna","11":"first","12":"onbackorder","13":"sale","14":"featured","15":"purchasable","16":"product-type-simple"},"_links":{"self":[{"href":"https:\/\/idetails.pl\/en\/wp-json\/wp\/v2\/product\/4356","targetHints":{"allow":["GET"]}}],"collection":[{"href":"https:\/\/idetails.pl\/en\/wp-json\/wp\/v2\/product"}],"about":[{"href":"https:\/\/idetails.pl\/en\/wp-json\/wp\/v2\/types\/product"}],"replies":[{"embeddable":true,"href":"https:\/\/idetails.pl\/en\/wp-json\/wp\/v2\/comments?post=4356"}],"wp:featuredmedia":[{"embeddable":true,"href":"https:\/\/idetails.pl\/en\/wp-json\/wp\/v2\/media\/4346"}],"wp:attachment":[{"href":"https:\/\/idetails.pl\/en\/wp-json\/wp\/v2\/media?parent=4356"}],"wp:term":[{"taxonomy":"product_brand","embeddable":true,"href":"https:\/\/idetails.pl\/en\/wp-json\/wp\/v2\/product_brand?post=4356"},{"taxonomy":"product_cat","embeddable":true,"href":"https:\/\/idetails.pl\/en\/wp-json\/wp\/v2\/product_cat?post=4356"},{"taxonomy":"product_tag","embeddable":true,"href":"https:\/\/idetails.pl\/en\/wp-json\/wp\/v2\/product_tag?post=4356"}],"curies":[{"name":"wp","href":"https:\/\/api.w.org\/{rel}","templated":true}]}}