{"id":4252,"date":"2025-07-11T14:40:14","date_gmt":"2025-07-11T12:40:14","guid":{"rendered":"https:\/\/idetails.pl\/?post_type=product&#038;p=4252"},"modified":"2025-09-08T13:25:38","modified_gmt":"2025-09-08T11:25:38","slug":"skora-ekologiczna-w-kolorze-czarnym-obszycie-tunel-srodkowy-seat-leon","status":"publish","type":"product","link":"https:\/\/idetails.pl\/en\/product\/skora-ekologiczna-w-kolorze-czarnym-obszycie-tunel-srodkowy-seat-leon\/","title":{"rendered":"Black eco-leather - trim of the SEAT Leon central tunnel"},"content":{"rendered":"<p>Elementy wykonujemy r\u0119cznie przy u\u017cyciu starannie wyselekcjonowanej sk\u00f3ry ekologicznej najwy\u017cszej jako\u015bci. Oferujemy produkt gotowy do monta\u017cu. Obszyte elementy z przeszyciami w kolorze zdecydowanie poprawiaj\u0105 wygl\u0105d wn\u0119trza pojazdu dodaj\u0105c mu jeszcze wi\u0119cej jako\u015bci oraz zapewniaj\u0105c uczucie luksusu.<\/p>\n<p>A special softening spacer is used under the material, making both covers soft and pleasant to the touch!<\/p>\n<p>The elements are installed in place of the originally used plastic covers. An additional advantage of installing these additions is the reduction of mechanical damage at the corners of the tunnel.<\/p>\n<p>Custom-made stitching is non-returnable.<\/p>","protected":false},"excerpt":{"rendered":"<p>Gotowe, obszyte elementy tunelu \u015brodkowego dedykowane do aut SEAT Leon (2020-25).<\/p>\n<p>We only sew on brand new original covers, which are included in the price. You receive a ready, complete product, you do not have to send back your plastic covers.<\/p>\n<p>Estimated production time in the event of non-stock is up to 30 working days from the date of order.<\/p>\n<p>Price per set (right and left side).<\/p>\n<p>Proof of purchase: receipt or invoice without VAT.<\/p>","protected":false},"featured_media":4253,"comment_status":"open","ping_status":"closed","template":"","meta":[],"product_brand":[],"product_cat":[117,76],"product_tag":[],"class_list":{"0":"post-4252","1":"product","2":"type-product","3":"status-publish","4":"has-post-thumbnail","6":"product_cat-seat-leon","7":"product_cat-skora-ekologiczna","9":"first","10":"instock","11":"sale","12":"featured","13":"purchasable","14":"product-type-simple"},"_links":{"self":[{"href":"https:\/\/idetails.pl\/en\/wp-json\/wp\/v2\/product\/4252","targetHints":{"allow":["GET"]}}],"collection":[{"href":"https:\/\/idetails.pl\/en\/wp-json\/wp\/v2\/product"}],"about":[{"href":"https:\/\/idetails.pl\/en\/wp-json\/wp\/v2\/types\/product"}],"replies":[{"embeddable":true,"href":"https:\/\/idetails.pl\/en\/wp-json\/wp\/v2\/comments?post=4252"}],"wp:featuredmedia":[{"embeddable":true,"href":"https:\/\/idetails.pl\/en\/wp-json\/wp\/v2\/media\/4253"}],"wp:attachment":[{"href":"https:\/\/idetails.pl\/en\/wp-json\/wp\/v2\/media?parent=4252"}],"wp:term":[{"taxonomy":"product_brand","embeddable":true,"href":"https:\/\/idetails.pl\/en\/wp-json\/wp\/v2\/product_brand?post=4252"},{"taxonomy":"product_cat","embeddable":true,"href":"https:\/\/idetails.pl\/en\/wp-json\/wp\/v2\/product_cat?post=4252"},{"taxonomy":"product_tag","embeddable":true,"href":"https:\/\/idetails.pl\/en\/wp-json\/wp\/v2\/product_tag?post=4252"}],"curies":[{"name":"wp","href":"https:\/\/api.w.org\/{rel}","templated":true}]}}