{"id":9,"date":"2025-02-06T21:26:08","date_gmt":"2025-02-06T20:26:08","guid":{"rendered":"https:\/\/idetails.pl\/?page_id=9"},"modified":"2025-05-30T14:52:34","modified_gmt":"2025-05-30T12:52:34","slug":"cart","status":"publish","type":"page","link":"https:\/\/idetails.pl\/en\/shop\/cart\/","title":{"rendered":"Cart"},"content":{"rendered":"<div data-block-name=\"woocommerce\/cart\" class=\"wp-block-woocommerce-cart alignwide is-loading\">\n<div data-block-name=\"woocommerce\/filled-cart-block\" class=\"wp-block-woocommerce-filled-cart-block\">\n<div data-block-name=\"woocommerce\/cart-items-block\" class=\"wp-block-woocommerce-cart-items-block\">\n<div data-block-name=\"woocommerce\/cart-line-items-block\" class=\"wp-block-woocommerce-cart-line-items-block\"><\/div>\n\n\n\n<div data-block-name=\"woocommerce\/cart-cross-sells-block\" class=\"wp-block-woocommerce-cart-cross-sells-block\">\n<h2 class=\"wp-block-heading has-large-font-size\">Zobacz inne r\u00f3wnie interesuj\u0105ce\u2026<\/h2>\n\n\n\n<div data-block-name=\"woocommerce\/cart-cross-sells-products-block\" class=\"wp-block-woocommerce-cart-cross-sells-products-block\"><\/div>\n<\/div>\n<\/div>\n\n\n\n<div data-block-name=\"woocommerce\/cart-totals-block\" class=\"wp-block-woocommerce-cart-totals-block\">\n<div data-block-name=\"woocommerce\/cart-order-summary-block\" class=\"wp-block-woocommerce-cart-order-summary-block\">\n<div data-block-name=\"woocommerce\/cart-order-summary-heading-block\" class=\"wp-block-woocommerce-cart-order-summary-heading-block\"><\/div><div data-block-name=\"woocommerce\/cart-order-summary-coupon-form-block\" class=\"wp-block-woocommerce-cart-order-summary-coupon-form-block\"><\/div><div data-block-name=\"woocommerce\/cart-order-summary-totals-block\" class=\"wp-block-woocommerce-cart-order-summary-totals-block\">\n<div data-block-name=\"woocommerce\/cart-order-summary-subtotal-block\" class=\"wp-block-woocommerce-cart-order-summary-subtotal-block\"><\/div>\n<div data-block-name=\"woocommerce\/cart-order-summary-discount-block\" class=\"wp-block-woocommerce-cart-order-summary-discount-block\"><\/div>\n<div data-block-name=\"woocommerce\/cart-order-summary-fee-block\" class=\"wp-block-woocommerce-cart-order-summary-fee-block\"><\/div>\n<div data-block-name=\"woocommerce\/cart-order-summary-shipping-block\" class=\"wp-block-woocommerce-cart-order-summary-shipping-block\"><\/div>\n<div data-block-name=\"woocommerce\/cart-order-summary-taxes-block\" class=\"wp-block-woocommerce-cart-order-summary-taxes-block\"><\/div><\/div>\n<\/div>\n\n\n\n<div data-block-name=\"woocommerce\/cart-express-payment-block\" class=\"wp-block-woocommerce-cart-express-payment-block\"><\/div>\n\n\n\n<div data-block-name=\"woocommerce\/proceed-to-checkout-block\" class=\"wp-block-woocommerce-proceed-to-checkout-block\"><\/div>\n<div id=\"ppcp-recaptcha-v2-container\" style=\"margin:20px 0;\"><\/div>\n\n\n<div data-block-name=\"woocommerce\/cart-accepted-payment-methods-block\" class=\"wp-block-woocommerce-cart-accepted-payment-methods-block\"><\/div>\n<\/div>\n<\/div>\n\n\n\n<div data-block-name=\"woocommerce\/empty-cart-block\" class=\"wp-block-woocommerce-empty-cart-block\">\n<h2 class=\"wp-block-heading has-text-align-center with-empty-cart-icon wc-block-cart__empty-cart__title\">Tw\u00f3j koszyk jest obecnie pusty!<\/h2>\n\n\n\n<hr class=\"wp-block-separator has-alpha-channel-opacity is-style-dots\"\/>\n\n\n\n<h2 class=\"wp-block-heading has-text-align-center\">Nowe w sklepie<\/h2>\n\n\n<div data-block-name=\"woocommerce\/product-new\" data-columns=\"4\" data-rows=\"1\" class=\"wc-block-grid wp-block-product-new wp-block-woocommerce-product-new wc-block-product-new has-4-columns\"><ul class=\"wc-block-grid__products\"><li class=\"wc-block-grid__product\">\n\t\t\t\t<a href=\"https:\/\/idetails.pl\/en\/product\/nowosc-oslony-dolne-tunelu-srodkowego-cupra-formentor-cupra-leon-wariant-alcantara\/\" class=\"wc-block-grid__product-link\">\n\t\t\t\t\t<div class=\"wc-block-grid__product-onsale\">\n\t\t\t<span aria-hidden=\"true\" data-no-translation=\"\" data-trp-gettext=\"\">Sale<\/span>\n\t\t\t<span class=\"screen-reader-text\" data-no-translation=\"\" data-trp-gettext=\"\">Product on sale<\/span>\n\t\t<\/div>\n\t\t\t\t\t<div class=\"wc-block-grid__product-image\"><img fetchpriority=\"high\" decoding=\"async\" width=\"450\" height=\"450\" src=\"https:\/\/idetails.pl\/wp-content\/uploads\/2025\/09\/DSC08461-450x450.jpg\" class=\"attachment-woocommerce_thumbnail size-woocommerce_thumbnail\" alt=\"NOWO\u015a\u0106! Os\u0142ony dolne tunelu \u015brodkowego CUPRA Formentor \/ CUPRA Leon wariant ALCANTARA\" srcset=\"https:\/\/idetails.pl\/wp-content\/uploads\/2025\/09\/DSC08461-450x450.jpg 450w, https:\/\/idetails.pl\/wp-content\/uploads\/2025\/09\/DSC08461-150x150.jpg 150w, https:\/\/idetails.pl\/wp-content\/uploads\/2025\/09\/DSC08461-100x100.jpg 100w\" sizes=\"(max-width: 450px) 100vw, 450px\" \/><\/div>\n\t\t\t\t\t<div class=\"wc-block-grid__product-title\">NOWO\u015a\u0106! Os\u0142ony dolne tunelu \u015brodkowego CUPRA Formentor \/ CUPRA Leon wariant ALCANTARA<\/div>\n\t\t\t\t<\/a>\n\t\t\t\t<div class=\"wc-block-grid__product-price price\"><del aria-hidden=\"true\"><span class=\"woocommerce-Price-amount amount\">1599,00&nbsp;<span class=\"woocommerce-Price-currencySymbol\">&#122;&#322;<\/span><\/span><\/del> <span class=\"screen-reader-text\" data-no-translation=\"\" data-trp-gettext=\"\">Original price was: 1599,00&nbsp;&#122;&#322;.<\/span><ins aria-hidden=\"true\"><span class=\"woocommerce-Price-amount amount\">1299,00&nbsp;<span class=\"woocommerce-Price-currencySymbol\">&#122;&#322;<\/span><\/span><\/ins><span class=\"screen-reader-text\" data-no-translation=\"\" data-trp-gettext=\"\">Current price is: 1299,00&nbsp;&#122;&#322;.<\/span><\/div>\n\t\t\t\t\n\t\t\t\t<div class=\"wp-block-button wc-block-grid__product-add-to-cart\"><a href=\"\/en\/wp-json\/wp\/v2\/pages\/9?add-to-cart=4358\" aria-label=\"Add to basket: \u201cNOWO\u015a\u0106! Os\u0142ony dolne tunelu \u015brodkowego CUPRA Formentor \/ CUPRA Leon wariant ALCANTARA\u201d\" data-quantity=\"1\" data-product_id=\"4358\" data-product_sku=\"black-1-2-1\" data-price=\"1299\" rel=\"nofollow\" class=\"wp-block-button__link  add_to_cart_button ajax_add_to_cart\" data-no-translation=\"\" data-trp-gettext=\"\" data-no-translation-aria-label=\"\">Add to basket<\/a><\/div>\n\t\t\t<\/li><li class=\"wc-block-grid__product\">\n\t\t\t\t<a href=\"https:\/\/idetails.pl\/en\/product\/nowosc-oslony-dolne-tunelu-srodkowego-cupra-formentor-cupra-leon-kolor-petrol-blue\/\" class=\"wc-block-grid__product-link\">\n\t\t\t\t\t<div class=\"wc-block-grid__product-onsale\">\n\t\t\t<span aria-hidden=\"true\" data-no-translation=\"\" data-trp-gettext=\"\">Sale<\/span>\n\t\t\t<span class=\"screen-reader-text\" data-no-translation=\"\" data-trp-gettext=\"\">Product on sale<\/span>\n\t\t<\/div>\n\t\t\t\t\t<div class=\"wc-block-grid__product-image\"><img decoding=\"async\" width=\"450\" height=\"450\" src=\"https:\/\/idetails.pl\/wp-content\/uploads\/2025\/09\/DSC08656-450x450.jpg\" class=\"attachment-woocommerce_thumbnail size-woocommerce_thumbnail\" alt=\"NOWO\u015a\u0106! Os\u0142ony dolne tunelu \u015brodkowego CUPRA Formentor \/ CUPRA Leon kolor PETROL BLUE\" srcset=\"https:\/\/idetails.pl\/wp-content\/uploads\/2025\/09\/DSC08656-450x450.jpg 450w, https:\/\/idetails.pl\/wp-content\/uploads\/2025\/09\/DSC08656-150x150.jpg 150w, https:\/\/idetails.pl\/wp-content\/uploads\/2025\/09\/DSC08656-100x100.jpg 100w\" sizes=\"(max-width: 450px) 100vw, 450px\" \/><\/div>\n\t\t\t\t\t<div class=\"wc-block-grid__product-title\">NOWO\u015a\u0106! Os\u0142ony dolne tunelu \u015brodkowego CUPRA Formentor \/ CUPRA Leon kolor PETROL BLUE<\/div>\n\t\t\t\t<\/a>\n\t\t\t\t<div class=\"wc-block-grid__product-price price\"><del aria-hidden=\"true\"><span class=\"woocommerce-Price-amount amount\">1599,00&nbsp;<span class=\"woocommerce-Price-currencySymbol\">&#122;&#322;<\/span><\/span><\/del> <span class=\"screen-reader-text\" data-no-translation=\"\" data-trp-gettext=\"\">Original price was: 1599,00&nbsp;&#122;&#322;.<\/span><ins aria-hidden=\"true\"><span class=\"woocommerce-Price-amount amount\">1299,00&nbsp;<span class=\"woocommerce-Price-currencySymbol\">&#122;&#322;<\/span><\/span><\/ins><span class=\"screen-reader-text\" data-no-translation=\"\" data-trp-gettext=\"\">Current price is: 1299,00&nbsp;&#122;&#322;.<\/span><\/div>\n\t\t\t\t\n\t\t\t\t<div class=\"wp-block-button wc-block-grid__product-add-to-cart\"><a href=\"\/en\/wp-json\/wp\/v2\/pages\/9?add-to-cart=4356\" aria-label=\"Add to basket: \u201cNOWO\u015a\u0106! Os\u0142ony dolne tunelu \u015brodkowego CUPRA Formentor \/ CUPRA Leon kolor PETROL BLUE\u201d\" data-quantity=\"1\" data-product_id=\"4356\" data-product_sku=\"black-1-2\" data-price=\"1299\" rel=\"nofollow\" class=\"wp-block-button__link  add_to_cart_button ajax_add_to_cart\" data-no-translation=\"\" data-trp-gettext=\"\" data-no-translation-aria-label=\"\">Add to basket<\/a><\/div>\n\t\t\t<\/li><li class=\"wc-block-grid__product\">\n\t\t\t\t<a href=\"https:\/\/idetails.pl\/en\/product\/nowosc-obszycie-oslony-dolnej-tunelu-srodkowego-cupra-formentor-cupra-leon-usluga-wykonana-na-oslonach-dostarczonych-przez-klienta\/\" class=\"wc-block-grid__product-link\">\n\t\t\t\t\t<div class=\"wc-block-grid__product-onsale\">\n\t\t\t<span aria-hidden=\"true\" data-no-translation=\"\" data-trp-gettext=\"\">Sale<\/span>\n\t\t\t<span class=\"screen-reader-text\" data-no-translation=\"\" data-trp-gettext=\"\">Product on sale<\/span>\n\t\t<\/div>\n\t\t\t\t\t<div class=\"wc-block-grid__product-image\"><img decoding=\"async\" width=\"450\" height=\"450\" src=\"https:\/\/idetails.pl\/wp-content\/uploads\/2025\/07\/DSC00517-450x450.jpg\" class=\"attachment-woocommerce_thumbnail size-woocommerce_thumbnail\" alt=\"NOWO\u015a\u0106! Obszycie os\u0142on dolnych tunelu \u015brodkowego CUPRA Formentor \/ CUPRA Leon - us\u0142uga wykonana na os\u0142onach dostarczonych przez Klienta\" srcset=\"https:\/\/idetails.pl\/wp-content\/uploads\/2025\/07\/DSC00517-450x450.jpg 450w, https:\/\/idetails.pl\/wp-content\/uploads\/2025\/07\/DSC00517-150x150.jpg 150w, https:\/\/idetails.pl\/wp-content\/uploads\/2025\/07\/DSC00517-100x100.jpg 100w\" sizes=\"(max-width: 450px) 100vw, 450px\" \/><\/div>\n\t\t\t\t\t<div class=\"wc-block-grid__product-title\">NEW! CUPRA Formentor \/ CUPRA Leon lower center console trim \u2013 service performed on covers supplied by the customer<\/div>\n\t\t\t\t<\/a>\n\t\t\t\t<div class=\"wc-block-grid__product-price price\"><del aria-hidden=\"true\"><span class=\"woocommerce-Price-amount amount\">1299,00&nbsp;<span class=\"woocommerce-Price-currencySymbol\">&#122;&#322;<\/span><\/span><\/del> <span class=\"screen-reader-text\" data-no-translation=\"\" data-trp-gettext=\"\">Original price was: 1299,00&nbsp;&#122;&#322;.<\/span><ins aria-hidden=\"true\"><span class=\"woocommerce-Price-amount amount\">999,00&nbsp;<span class=\"woocommerce-Price-currencySymbol\">&#122;&#322;<\/span><\/span><\/ins><span class=\"screen-reader-text\" data-no-translation=\"\" data-trp-gettext=\"\">Current price is: 999,00&nbsp;&#122;&#322;.<\/span><\/div>\n\t\t\t\t\n\t\t\t\t<div class=\"wp-block-button wc-block-grid__product-add-to-cart\"><a href=\"\/en\/wp-json\/wp\/v2\/pages\/9?add-to-cart=4300\" aria-label=\"Add to basket: \u201cNOWO\u015a\u0106! Obszycie os\u0142on dolnych tunelu \u015brodkowego CUPRA Formentor \/ CUPRA Leon - us\u0142uga wykonana na os\u0142onach dostarczonych przez Klienta\u201d\" data-quantity=\"1\" data-product_id=\"4300\" data-product_sku=\"black-1-1\" data-price=\"999\" rel=\"nofollow\" class=\"wp-block-button__link  add_to_cart_button ajax_add_to_cart\" data-no-translation=\"\" data-trp-gettext=\"\" data-no-translation-aria-label=\"\">Add to basket<\/a><\/div>\n\t\t\t<\/li><li class=\"wc-block-grid__product\">\n\t\t\t\t<a href=\"https:\/\/idetails.pl\/en\/product\/nowosc-obszycie-oslony-dolnej-tunelu-srodkowego-cupra-formentor-cupra-leon\/\" class=\"wc-block-grid__product-link\">\n\t\t\t\t\t<div class=\"wc-block-grid__product-onsale\">\n\t\t\t<span aria-hidden=\"true\" data-no-translation=\"\" data-trp-gettext=\"\">Sale<\/span>\n\t\t\t<span class=\"screen-reader-text\" data-no-translation=\"\" data-trp-gettext=\"\">Product on sale<\/span>\n\t\t<\/div>\n\t\t\t\t\t<div class=\"wc-block-grid__product-image\"><img loading=\"lazy\" decoding=\"async\" width=\"450\" height=\"450\" src=\"https:\/\/idetails.pl\/wp-content\/uploads\/2025\/07\/DSC00517-450x450.jpg\" class=\"attachment-woocommerce_thumbnail size-woocommerce_thumbnail\" alt=\"NOWO\u015a\u0106! Obszycie os\u0142on dolnych tunelu \u015brodkowego CUPRA Formentor \/ CUPRA Leon\" srcset=\"https:\/\/idetails.pl\/wp-content\/uploads\/2025\/07\/DSC00517-450x450.jpg 450w, https:\/\/idetails.pl\/wp-content\/uploads\/2025\/07\/DSC00517-150x150.jpg 150w, https:\/\/idetails.pl\/wp-content\/uploads\/2025\/07\/DSC00517-100x100.jpg 100w\" sizes=\"(max-width: 450px) 100vw, 450px\" \/><\/div>\n\t\t\t\t\t<div class=\"wc-block-grid__product-title\">NEW! CUPRA Formentor \/ CUPRA Leon lower center console trim<\/div>\n\t\t\t\t<\/a>\n\t\t\t\t<div class=\"wc-block-grid__product-price price\"><del aria-hidden=\"true\"><span class=\"woocommerce-Price-amount amount\">1599,00&nbsp;<span class=\"woocommerce-Price-currencySymbol\">&#122;&#322;<\/span><\/span><\/del> <span class=\"screen-reader-text\" data-no-translation=\"\" data-trp-gettext=\"\">Original price was: 1599,00&nbsp;&#122;&#322;.<\/span><ins aria-hidden=\"true\"><span class=\"woocommerce-Price-amount amount\">1299,00&nbsp;<span class=\"woocommerce-Price-currencySymbol\">&#122;&#322;<\/span><\/span><\/ins><span class=\"screen-reader-text\" data-no-translation=\"\" data-trp-gettext=\"\">Current price is: 1299,00&nbsp;&#122;&#322;.<\/span><\/div>\n\t\t\t\t\n\t\t\t\t<div class=\"wp-block-button wc-block-grid__product-add-to-cart\"><a href=\"\/en\/wp-json\/wp\/v2\/pages\/9?add-to-cart=4287\" aria-label=\"Add to basket: \u201cNOWO\u015a\u0106! Obszycie os\u0142on dolnych tunelu \u015brodkowego CUPRA Formentor \/ CUPRA Leon\u201d\" data-quantity=\"1\" data-product_id=\"4287\" data-product_sku=\"black-1\" data-price=\"1299\" rel=\"nofollow\" class=\"wp-block-button__link  add_to_cart_button ajax_add_to_cart\" data-no-translation=\"\" data-trp-gettext=\"\" data-no-translation-aria-label=\"\">Add to basket<\/a><\/div>\n\t\t\t<\/li><\/ul><\/div><\/div>\n<\/div>","protected":false},"excerpt":{"rendered":"","protected":false},"author":1,"featured_media":0,"parent":5,"menu_order":1,"comment_status":"closed","ping_status":"closed","template":"","meta":{"footnotes":""},"class_list":["post-9","page","type-page","status-publish","hentry"],"post-meta":{"_edit_last":["1"],"_wp_page_template":["default"],"_edit_lock":["1748609554:1"],"rank_math_internal_links_processed":["1"],"_cmplz_scanned_post":["1"],"_elementor_page_assets":["a:0:{}"]},"_links":{"self":[{"href":"https:\/\/idetails.pl\/en\/wp-json\/wp\/v2\/pages\/9","targetHints":{"allow":["GET"]}}],"collection":[{"href":"https:\/\/idetails.pl\/en\/wp-json\/wp\/v2\/pages"}],"about":[{"href":"https:\/\/idetails.pl\/en\/wp-json\/wp\/v2\/types\/page"}],"author":[{"embeddable":true,"href":"https:\/\/idetails.pl\/en\/wp-json\/wp\/v2\/users\/1"}],"replies":[{"embeddable":true,"href":"https:\/\/idetails.pl\/en\/wp-json\/wp\/v2\/comments?post=9"}],"version-history":[{"count":1,"href":"https:\/\/idetails.pl\/en\/wp-json\/wp\/v2\/pages\/9\/revisions"}],"predecessor-version":[{"id":13,"href":"https:\/\/idetails.pl\/en\/wp-json\/wp\/v2\/pages\/9\/revisions\/13"}],"up":[{"embeddable":true,"href":"https:\/\/idetails.pl\/en\/wp-json\/wp\/v2\/pages\/5"}],"wp:attachment":[{"href":"https:\/\/idetails.pl\/en\/wp-json\/wp\/v2\/media?parent=9"}],"curies":[{"name":"wp","href":"https:\/\/api.w.org\/{rel}","templated":true}]}}