{"id":3561,"date":"2025-03-11T00:49:55","date_gmt":"2025-03-10T23:49:55","guid":{"rendered":"https:\/\/idetails.pl\/?page_id=3561"},"modified":"2025-05-30T17:29:01","modified_gmt":"2025-05-30T15:29:01","slug":"termsconditions","status":"publish","type":"page","link":"https:\/\/idetails.pl\/en\/shop\/termsconditions\/","title":{"rendered":"Terms &amp; condition"},"content":{"rendered":"<div data-elementor-type=\"wp-page\" data-elementor-id=\"3561\" class=\"elementor elementor-3561\">\n\t\t\t\t<div class=\"elementor-element elementor-element-45926c3c e-flex e-con-boxed e-con e-parent\" data-id=\"45926c3c\" data-element_type=\"container\" data-e-type=\"container\">\n\t\t\t\t\t<div class=\"e-con-inner\">\n\t\t\t\t<div class=\"elementor-element elementor-element-393acc8c elementor-widget elementor-widget-text-editor\" data-id=\"393acc8c\" data-element_type=\"widget\" data-e-type=\"widget\" data-widget_type=\"text-editor.default\">\n\t\t\t\t<div class=\"elementor-widget-container\">\n\t\t\t\t\t\t\t\t\t\n<h1 data-pm-slice=\"1 1 []\"><strong>Terms and conditions of the iDetails online store<\/strong><\/h1>\n\n<h2 class=\"wp-block-heading\">1. General provisions<\/h2>\n\n<p>1.1. The iDetails online store, available at www.idetails.pl, is operated by <strong>AUTOMOTIVE GROUP <\/strong>with its registered office in the \u015awi\u0119tokrzyskie Province, Kielce County, Morawica Commune, Brzeziny, ul. Ch\u0119ci\u0144ska 70, 26-026, <strong>NIP: 6572700581<\/strong>, REGON: 260294980.<\/p>\n<p>1.2. Contact with the store is possible at the e-mail address: <strong>kontakt@idetails.pl<\/strong> and by phone: <strong>883 143 143<\/strong>.<\/p>\n<p>1.3. The Regulations define the rules for using the store, placing orders, making purchases and the rights and obligations of the Customer and the Seller.<\/p>\n<p>1.4. By placing an order, the Customer accepts the provisions of these regulations.<\/p>\n<p>1.5. All prices given in the store are gross prices (include VAT) and are expressed in Polish zloty (PLN), unless otherwise stated.<\/p>\n<p>1.6. The Seller reserves the right to change product prices and to conduct and cancel promotions and sales.<\/p>\n<h2 data-pm-slice=\"1 1 []\">2. Placing orders<\/h2>\n<p data-pm-slice=\"1 1 []\">2.1. Orders can be placed via the store's website <a>www.idetails.pl<\/a>.<\/p>\n<p data-pm-slice=\"1 1 []\">2.2. The condition for the execution of the order is the correct completion of the order form and payment.<\/p>\n<p data-pm-slice=\"1 1 []\">2.3. The order processing time (i.e. shipping time) is up to 30 business days, depending on the specifics of the order.<\/p>\n<p data-pm-slice=\"1 1 []\">2.4. Personalised products are non-returnable in accordance with applicable law.<\/p>\n<h2>3. Payments<\/h2>\n<p>3.1. The iDetails store offers payments via the Przelewy24 platform.<\/p>\n<p>3.2. The order will be processed after the payment has been credited to the store's account.<\/p>\n<h2>4. Delivery<\/h2>\n<p>4.1. Orders are fulfilled by courier delivery to selected countries or personal collection.<\/p>\n<p>4.2. Personal collection is possible at the following address: ul. \u017b\u00f3\u0142kiewskiego 38, 25-130 Kielce, after prior arrangement.<\/p>\n<p>4.3. Shipping costs are stated when placing your order and may vary depending on the delivery location.<\/p>\n<h2>5. Returns and complaints<\/h2>\n<p><strong>5.1. Right to withdraw from the contract<\/strong><br \/>The Customer who is a consumer has the right to withdraw from the contract without giving a reason within 14 days from the date of receipt of the product, by submitting an appropriate declaration. To exercise the right to withdraw, the Customer should inform the Seller of their decision by e-mail to <a href=\"mailto:kontakt@idetails.pl\">kontakt@idetails.pl<\/a>.<\/p>\n<p><strong>5.2. Exceptions to the right of withdrawal<\/strong><br \/>The right of withdrawal does not apply in the case of:<\/p>\n<ul>\n<li>products manufactured according to the Customer\u2019s specifications or designed to meet their individual needs (e.g. personalized products),<\/li>\n<li>products which, due to their nature, become inseparably connected with other items after delivery.<\/li>\n<\/ul>\n<p><strong>5.3. Complaints<\/strong><br \/>In the event of a product defect, the Customer has the right to file a complaint under the warranty or guarantee, if granted.<\/p>\n<p><strong>5.4. Complaints procedure<\/strong><br \/>Complaints can be submitted via email to <a href=\"mailto:kontakt@idetails.pl\">kontakt@idetails.pl<\/a>, specifying:<\/p>\n<ul>\n<li>customer details,<\/li>\n<li>order number,<\/li>\n<li>description of the defect and photos (if possible).<\/li>\n<\/ul>\n<p>The Seller will consider the complaint within 14 calendar days of its receipt and inform the Customer about further proceedings. If the complaint is accepted, the Customer has the right to repair, exchange the product for a defect-free one, reduce the price or withdraw from the contract if the defect is significant.<\/p>\n<p>If the product is covered by warranty, the Customer may exercise the warranty rights in accordance with its terms.<\/p>\n<h2>6. Protection of personal data<\/h2>\n<p>6.1. Customers' personal data are processed in accordance with applicable laws and the privacy policy available on the store's website.<\/p>\n<p>6.2. The Customer has the right to view, correct and request deletion of his\/her personal data.<\/p>\n<h2>7. Final provisions<\/h2>\n<p>7.1. In matters not regulated by these regulations, the provisions of Polish law shall apply.<\/p>\n<p>7.2. The Seller reserves the right to make changes to the regulations, which are effective from the moment of their publication on the store's website.<\/p>\n<p>7.3. Any disputes arising from the execution of orders will be resolved by competent common courts.<\/p>\n\t\t\t\t\t\t\t\t<\/div>\n\t\t\t\t<\/div>\n\t\t\t\t\t<\/div>\n\t\t\t\t<\/div>\n\t\t\t\t<\/div>","protected":false},"excerpt":{"rendered":"<p>Regulamin sklepu internetowego iDetails 1. Postanowienia og\u00f3lne 1.1. Sklep internetowy iDetails, dost\u0119pny pod adresem www.idetails.pl, prowadzony jest przez firm\u0119 AUTOMOTIVE&#8230;<\/p>","protected":false},"author":1,"featured_media":0,"parent":5,"menu_order":3,"comment_status":"closed","ping_status":"closed","template":"","meta":{"footnotes":""},"class_list":["post-3561","page","type-page","status-publish","hentry"],"post-meta":{"_edit_lock":["1748618942:1"],"_elementor_edit_mode":["builder"],"_elementor_template_type":["wp-page"],"_elementor_version":["3.28.4"],"_wp_page_template":["default"],"_elementor_data":["[{\"id\":\"45926c3c\",\"elType\":\"container\",\"settings\":[],\"elements\":[{\"id\":\"393acc8c\",\"elType\":\"widget\",\"settings\":{\"editor\":\"<!-- wp:paragraph -->\\n<h1 data-pm-slice=\\\"1 1 []\\\"><strong>Regulamin sklepu internetowego iDetails<\\\/strong><\\\/h1>\\n<!-- \\\/wp:paragraph --><!-- wp:heading -->\\n<h2 class=\\\"wp-block-heading\\\">1. Postanowienia og\\u00f3lne<\\\/h2>\\n<!-- \\\/wp:heading --><!-- wp:paragraph -->\\n<p>1.1. Sklep internetowy iDetails, dost\\u0119pny pod adresem www.idetails.pl, prowadzony jest przez firm\\u0119 <strong>AUTOMOTIVE GROUP <\\\/strong>z siedzib\\u0105 w woj. \\u015awi\\u0119tokrzyskie, pow. kielecki, gm. Morawica, miejsc. Brzeziny, ul. Ch\\u0119ci\\u0144ska 70, 26-026, <strong>NIP: 6572700581<\\\/strong>, REGON: 260294980.<\\\/p>\\n<p>1.2. Kontakt ze sklepem jest mo\\u017cliwy pod adresem e-mail: <strong>kontakt@idetails.pl<\\\/strong> oraz telefonicznie: <strong>883 143 143<\\\/strong>.<\\\/p>\\n<p>1.3. Regulamin okre\\u015bla zasady korzystania ze sklepu, sk\\u0142adania zam\\u00f3wie\\u0144, realizacji zakup\\u00f3w oraz praw i obowi\\u0105zk\\u00f3w Klienta oraz Sprzedawcy.<\\\/p>\\n<p>1.4. Klient sk\\u0142adaj\\u0105c zam\\u00f3wienie, akceptuje postanowienia niniejszego regulaminu.<\\\/p>\\n<p>1.5. Wszystkie ceny podane w sklepie s\\u0105 cenami brutto (zawieraj\\u0105 podatek VAT) i wyra\\u017cone s\\u0105 w polskich z\\u0142otych (PLN), chyba \\u017ce zaznaczono inaczej.<\\\/p>\\n<p>1.6. Sprzedawca zastrzega sobie prawo do zmiany cen produkt\\u00f3w oraz przeprowadzania i odwo\\u0142ywania promocji i wyprzeda\\u017cy.<\\\/p>\\n<h2 data-pm-slice=\\\"1 1 []\\\">2. Sk\\u0142adanie zam\\u00f3wie\\u0144<\\\/h2>\\n<p data-pm-slice=\\\"1 1 []\\\">2.1. Zam\\u00f3wienia mo\\u017cna sk\\u0142ada\\u0107 za po\\u015brednictwem strony internetowej sklepu <a>www.idetails.pl<\\\/a>.<\\\/p>\\n<p data-pm-slice=\\\"1 1 []\\\">2.2. Warunkiem realizacji zam\\u00f3wienia jest poprawne wype\\u0142nienie formularza zam\\u00f3wienia i dokonanie p\\u0142atno\\u015bci.<\\\/p>\\n<p data-pm-slice=\\\"1 1 []\\\">2.3. Czas realizacji zam\\u00f3wienia (czyli czas wysy\\u0142ki) wynosi do 30 dni roboczych, w zale\\u017cno\\u015bci od specyfiki zam\\u00f3wienia.<\\\/p>\\n<p data-pm-slice=\\\"1 1 []\\\">2.4. Produkty personalizowane nie podlegaj\\u0105 zwrotowi zgodnie z obowi\\u0105zuj\\u0105cymi przepisami prawa.<\\\/p>\\n<h2>3. P\\u0142atno\\u015bci<\\\/h2>\\n<p>3.1. W sklepie iDetails dost\\u0119pne s\\u0105 p\\u0142atno\\u015bci za po\\u015brednictwem platformy Przelewy24.<\\\/p>\\n<p>3.2. Zam\\u00f3wienie zostanie przekazane do realizacji po zaksi\\u0119gowaniu wp\\u0142aty na koncie sklepu.<\\\/p>\\n<h2>4. Dostawa<\\\/h2>\\n<p>4.1. Zam\\u00f3wienia realizowane s\\u0105 poprzez wysy\\u0142k\\u0119 kurierem do wybranych kraj\\u00f3w lub odbi\\u00f3r osobisty.<\\\/p>\\n<p>4.2. Odbi\\u00f3r osobisty mo\\u017cliwy jest pod adresem: ul. \\u017b\\u00f3\\u0142kiewskiego 38, 25-130 Kielce, po wcze\\u015bniejszym uzgodnieniu terminu.<\\\/p>\\n<p>4.3. Koszty dostawy s\\u0105 podawane podczas sk\\u0142adania zam\\u00f3wienia i mog\\u0105 si\\u0119 r\\u00f3\\u017cni\\u0107 w zale\\u017cno\\u015bci od miejsca dostawy.<\\\/p>\\n<h2>5. Zwroty i reklamacje<\\\/h2>\\n<p><strong>5.1. Prawo odst\\u0105pienia od umowy<\\\/strong><br \\\/>Klient b\\u0119d\\u0105cy konsumentem ma prawo odst\\u0105pi\\u0107 od umowy bez podania przyczyny w terminie 14 dni od dnia otrzymania produktu, sk\\u0142adaj\\u0105c stosowne o\\u015bwiadczenie. Aby skorzysta\\u0107 z prawa odst\\u0105pienia, Klient powinien poinformowa\\u0107 Sprzedawc\\u0119 o swojej decyzji drog\\u0105 mailow\\u0105 na adres <a href=\\\"mailto:kontakt@idetails.pl\\\">kontakt@idetails.pl<\\\/a>.<\\\/p>\\n<p><strong>5.2. Wyj\\u0105tki od prawa odst\\u0105pienia<\\\/strong><br \\\/>Prawo odst\\u0105pienia od umowy nie przys\\u0142uguje w przypadku:<\\\/p>\\n<ul>\\n<li>produkt\\u00f3w wyprodukowanych wed\\u0142ug specyfikacji Klienta lub s\\u0142u\\u017c\\u0105cych zaspokojeniu jego zindywidualizowanych potrzeb (np. produkty personalizowane),<\\\/li>\\n<li>produkt\\u00f3w, kt\\u00f3re po dostarczeniu, ze wzgl\\u0119du na sw\\u00f3j charakter, zostaj\\u0105 nieroz\\u0142\\u0105cznie po\\u0142\\u0105czone z innymi rzeczami.<\\\/li>\\n<\\\/ul>\\n<p><strong>5.3. Reklamacje<\\\/strong><br \\\/>W przypadku stwierdzenia wady produktu, Klient ma prawo do z\\u0142o\\u017cenia reklamacji na podstawie r\\u0119kojmi lub gwarancji, je\\u015bli zosta\\u0142a udzielona.<\\\/p>\\n<p><strong>5.4. Procedura reklamacyjna<\\\/strong><br \\\/>Reklamacje mo\\u017cna zg\\u0142asza\\u0107 drog\\u0105 mailow\\u0105 na adres <a href=\\\"mailto:kontakt@idetails.pl\\\">kontakt@idetails.pl<\\\/a>, podaj\\u0105c:<\\\/p>\\n<ul>\\n<li>dane zamawiaj\\u0105cego,<\\\/li>\\n<li>numer zam\\u00f3wienia,<\\\/li>\\n<li>opis wady oraz zdj\\u0119cia (je\\u015bli to mo\\u017cliwe).<\\\/li>\\n<\\\/ul>\\n<p>Sprzedawca rozpatrzy reklamacj\\u0119 w terminie do 14 dni kalendarzowych od jej otrzymania i poinformuje Klienta o dalszym post\\u0119powaniu. W przypadku uznania reklamacji Klient ma prawo do naprawy, wymiany produktu na wolny od wad, obni\\u017cenia ceny lub odst\\u0105pienia od umowy, je\\u015bli wada jest istotna.<\\\/p>\\n<p>Je\\u015bli produkt jest obj\\u0119ty gwarancj\\u0105, Klient mo\\u017ce skorzysta\\u0107 z uprawnie\\u0144 wynikaj\\u0105cych z gwarancji zgodnie z jej warunkami.<\\\/p>\\n<h2>6. Ochrona danych osobowych<\\\/h2>\\n<p>6.1. Dane osobowe Klient\\u00f3w przetwarzane s\\u0105 zgodnie z obowi\\u0105zuj\\u0105cymi przepisami prawa oraz polityk\\u0105 prywatno\\u015bci dost\\u0119pn\\u0105 na stronie sklepu.<\\\/p>\\n<p>6.2. Klient ma prawo do wgl\\u0105du, poprawy oraz \\u017c\\u0105dania usuni\\u0119cia swoich danych osobowych.<\\\/p>\\n<h2>7. Postanowienia ko\\u0144cowe<\\\/h2>\\n<p>7.1. W sprawach nieuregulowanych niniejszym regulaminem zastosowanie maj\\u0105 przepisy prawa polskiego.<\\\/p>\\n<p>7.2. Sprzedawca zastrzega sobie prawo do wprowadzania zmian w regulaminie, kt\\u00f3re obowi\\u0105zuj\\u0105 od momentu ich publikacji na stronie sklepu.<\\\/p>\\n<p>7.3. Wszelkie spory wynikaj\\u0105ce z realizacji zam\\u00f3wie\\u0144 b\\u0119d\\u0105 rozstrzygane przez w\\u0142a\\u015bciwe s\\u0105dy powszechne.<\\\/p>\\n<!-- \\\/wp:list --><!-- wp:heading --><!-- \\\/wp:paragraph -->\"},\"elements\":[],\"widgetType\":\"text-editor\"}],\"isInner\":false}]"],"_edit_last":["1"],"rank_math_internal_links_processed":["1"],"_cmplz_scanned_post":["1"],"_elementor_page_assets":["a:1:{s:7:\"scripts\";a:1:{i:0;s:18:\"elementor-frontend\";}}"],"_elementor_css":["a:6:{s:4:\"time\";i:1776480402;s:5:\"fonts\";a:0:{}s:5:\"icons\";a:0:{}s:20:\"dynamic_elements_ids\";a:0:{}s:6:\"status\";s:4:\"file\";i:0;s:0:\"\";}"],"_elementor_element_cache":["{\"timeout\":1776688505,\"value\":{\"content\":\"<div class=\\\"elementor-element elementor-element-45926c3c e-flex e-con-boxed e-con e-parent\\\" data-id=\\\"45926c3c\\\" data-element_type=\\\"container\\\" data-e-type=\\\"container\\\">\\n\\t\\t\\t\\t\\t<div class=\\\"e-con-inner\\\">\\n\\t\\t[elementor-element k=\\\"b4486a25477ecce7ec61515ef5b61f0c\\\" data=\\\"eyJpZCI6IjM5M2FjYzhjIiwiZWxUeXBlIjoid2lkZ2V0Iiwic2V0dGluZ3MiOnsiZWRpdG9yIjoiPCEtLSB3cDpwYXJhZ3JhcGggLS0+XG48aDEgZGF0YS1wbS1zbGljZT1cIjEgMSBbXVwiPjxzdHJvbmc+UmVndWxhbWluIHNrbGVwdSBpbnRlcm5ldG93ZWdvIGlEZXRhaWxzPFwvc3Ryb25nPjxcL2gxPlxuPCEtLSBcL3dwOnBhcmFncmFwaCAtLT48IS0tIHdwOmhlYWRpbmcgLS0+XG48aDIgY2xhc3M9XCJ3cC1ibG9jay1oZWFkaW5nXCI+MS4gUG9zdGFub3dpZW5pYSBvZ1x1MDBmM2xuZTxcL2gyPlxuPCEtLSBcL3dwOmhlYWRpbmcgLS0+PCEtLSB3cDpwYXJhZ3JhcGggLS0+XG48cD4xLjEuIFNrbGVwIGludGVybmV0b3d5IGlEZXRhaWxzLCBkb3N0XHUwMTE5cG55IHBvZCBhZHJlc2VtIHd3dy5pZGV0YWlscy5wbCwgcHJvd2Fkem9ueSBqZXN0IHByemV6IGZpcm1cdTAxMTkgPHN0cm9uZz5BVVRPTU9USVZFIEdST1VQIDxcL3N0cm9uZz56IHNpZWR6aWJcdTAxMDUgdyB3b2ouIFx1MDE1YXdpXHUwMTE5dG9rcnp5c2tpZSwgcG93LiBraWVsZWNraSwgZ20uIE1vcmF3aWNhLCBtaWVqc2MuIEJyemV6aW55LCB1bC4gQ2hcdTAxMTljaVx1MDE0NHNrYSA3MCwgMjYtMDI2LCA8c3Ryb25nPk5JUDogNjU3MjcwMDU4MTxcL3N0cm9uZz4sIFJFR09OOiAyNjAyOTQ5ODAuPFwvcD5cbjxwPjEuMi4gS29udGFrdCB6ZSBza2xlcGVtIGplc3QgbW9cdTAxN2NsaXd5IHBvZCBhZHJlc2VtIGUtbWFpbDogPHN0cm9uZz5rb250YWt0QGlkZXRhaWxzLnBsPFwvc3Ryb25nPiBvcmF6IHRlbGVmb25pY3puaWU6IDxzdHJvbmc+ODgzIDE0MyAxNDM8XC9zdHJvbmc+LjxcL3A+XG48cD4xLjMuIFJlZ3VsYW1pbiBva3JlXHUwMTVibGEgemFzYWR5IGtvcnp5c3RhbmlhIHplIHNrbGVwdSwgc2tcdTAxNDJhZGFuaWEgemFtXHUwMGYzd2llXHUwMTQ0LCByZWFsaXphY2ppIHpha3VwXHUwMGYzdyBvcmF6IHByYXcgaSBvYm93aVx1MDEwNXprXHUwMGYzdyBLbGllbnRhIG9yYXogU3ByemVkYXdjeS48XC9wPlxuPHA+MS40LiBLbGllbnQgc2tcdTAxNDJhZGFqXHUwMTA1YyB6YW1cdTAwZjN3aWVuaWUsIGFrY2VwdHVqZSBwb3N0YW5vd2llbmlhIG5pbmllanN6ZWdvIHJlZ3VsYW1pbnUuPFwvcD5cbjxwPjEuNS4gV3N6eXN0a2llIGNlbnkgcG9kYW5lIHcgc2tsZXBpZSBzXHUwMTA1IGNlbmFtaSBicnV0dG8gKHphd2llcmFqXHUwMTA1IHBvZGF0ZWsgVkFUKSBpIHd5cmFcdTAxN2NvbmUgc1x1MDEwNSB3IHBvbHNraWNoIHpcdTAxNDJvdHljaCAoUExOKSwgY2h5YmEgXHUwMTdjZSB6YXpuYWN6b25vIGluYWN6ZWouPFwvcD5cbjxwPjEuNi4gU3ByemVkYXdjYSB6YXN0cnplZ2Egc29iaWUgcHJhd28gZG8gem1pYW55IGNlbiBwcm9kdWt0XHUwMGYzdyBvcmF6IHByemVwcm93YWR6YW5pYSBpIG9kd29cdTAxNDJ5d2FuaWEgcHJvbW9jamkgaSB3eXByemVkYVx1MDE3Y3kuPFwvcD5cbjxoMiBkYXRhLXBtLXNsaWNlPVwiMSAxIFtdXCI+Mi4gU2tcdTAxNDJhZGFuaWUgemFtXHUwMGYzd2llXHUwMTQ0PFwvaDI+XG48cCBkYXRhLXBtLXNsaWNlPVwiMSAxIFtdXCI+Mi4xLiBaYW1cdTAwZjN3aWVuaWEgbW9cdTAxN2NuYSBza1x1MDE0MmFkYVx1MDEwNyB6YSBwb1x1MDE1YnJlZG5pY3R3ZW0gc3Ryb255IGludGVybmV0b3dlaiBza2xlcHUgPGE+d3d3LmlkZXRhaWxzLnBsPFwvYT4uPFwvcD5cbjxwIGRhdGEtcG0tc2xpY2U9XCIxIDEgW11cIj4yLjIuIFdhcnVua2llbSByZWFsaXphY2ppIHphbVx1MDBmM3dpZW5pYSBqZXN0IHBvcHJhd25lIHd5cGVcdTAxNDJuaWVuaWUgZm9ybXVsYXJ6YSB6YW1cdTAwZjN3aWVuaWEgaSBkb2tvbmFuaWUgcFx1MDE0MmF0bm9cdTAxNWJjaS48XC9wPlxuPHAgZGF0YS1wbS1zbGljZT1cIjEgMSBbXVwiPjIuMy4gQ3phcyByZWFsaXphY2ppIHphbVx1MDBmM3dpZW5pYSAoY3p5bGkgY3phcyB3eXN5XHUwMTQya2kpIHd5bm9zaSBkbyAzMCBkbmkgcm9ib2N6eWNoLCB3IHphbGVcdTAxN2Nub1x1MDE1YmNpIG9kIHNwZWN5ZmlraSB6YW1cdTAwZjN3aWVuaWEuPFwvcD5cbjxwIGRhdGEtcG0tc2xpY2U9XCIxIDEgW11cIj4yLjQuIFByb2R1a3R5IHBlcnNvbmFsaXpvd2FuZSBuaWUgcG9kbGVnYWpcdTAxMDUgendyb3Rvd2kgemdvZG5pZSB6IG9ib3dpXHUwMTA1enVqXHUwMTA1Y3ltaSBwcnplcGlzYW1pIHByYXdhLjxcL3A+XG48aDI+My4gUFx1MDE0MmF0bm9cdTAxNWJjaTxcL2gyPlxuPHA+My4xLiBXIHNrbGVwaWUgaURldGFpbHMgZG9zdFx1MDExOXBuZSBzXHUwMTA1IHBcdTAxNDJhdG5vXHUwMTViY2kgemEgcG9cdTAxNWJyZWRuaWN0d2VtIHBsYXRmb3JteSBQcnplbGV3eTI0LjxcL3A+XG48cD4zLjIuIFphbVx1MDBmM3dpZW5pZSB6b3N0YW5pZSBwcnpla2F6YW5lIGRvIHJlYWxpemFjamkgcG8gemFrc2lcdTAxMTlnb3dhbml1IHdwXHUwMTQyYXR5IG5hIGtvbmNpZSBza2xlcHUuPFwvcD5cbjxoMj40LiBEb3N0YXdhPFwvaDI+XG48cD40LjEuIFphbVx1MDBmM3dpZW5pYSByZWFsaXpvd2FuZSBzXHUwMTA1IHBvcHJ6ZXogd3lzeVx1MDE0MmtcdTAxMTkga3VyaWVyZW0gZG8gd3licmFueWNoIGtyYWpcdTAwZjN3IGx1YiBvZGJpXHUwMGYzciBvc29iaXN0eS48XC9wPlxuPHA+NC4yLiBPZGJpXHUwMGYzciBvc29iaXN0eSBtb1x1MDE3Y2xpd3kgamVzdCBwb2QgYWRyZXNlbTogdWwuIFx1MDE3Ylx1MDBmM1x1MDE0MmtpZXdza2llZ28gMzgsIDI1LTEzMCBLaWVsY2UsIHBvIHdjemVcdTAxNWJuaWVqc3p5bSB1emdvZG5pZW5pdSB0ZXJtaW51LjxcL3A+XG48cD40LjMuIEtvc3p0eSBkb3N0YXd5IHNcdTAxMDUgcG9kYXdhbmUgcG9kY3phcyBza1x1MDE0MmFkYW5pYSB6YW1cdTAwZjN3aWVuaWEgaSBtb2dcdTAxMDUgc2lcdTAxMTkgclx1MDBmM1x1MDE3Y25pXHUwMTA3IHcgemFsZVx1MDE3Y25vXHUwMTViY2kgb2QgbWllanNjYSBkb3N0YXd5LjxcL3A+XG48aDI+NS4gWndyb3R5IGkgcmVrbGFtYWNqZTxcL2gyPlxuPHA+PHN0cm9uZz41LjEuIFByYXdvIG9kc3RcdTAxMDVwaWVuaWEgb2QgdW1vd3k8XC9zdHJvbmc+PGJyIFwvPktsaWVudCBiXHUwMTE5ZFx1MDEwNWN5IGtvbnN1bWVudGVtIG1hIHByYXdvIG9kc3RcdTAxMDVwaVx1MDEwNyBvZCB1bW93eSBiZXogcG9kYW5pYSBwcnp5Y3p5bnkgdyB0ZXJtaW5pZSAxNCBkbmkgb2QgZG5pYSBvdHJ6eW1hbmlhIHByb2R1a3R1LCBza1x1MDE0MmFkYWpcdTAxMDVjIHN0b3Nvd25lIG9cdTAxNWJ3aWFkY3plbmllLiBBYnkgc2tvcnp5c3RhXHUwMTA3IHogcHJhd2Egb2RzdFx1MDEwNXBpZW5pYSwgS2xpZW50IHBvd2luaWVuIHBvaW5mb3Jtb3dhXHUwMTA3IFNwcnplZGF3Y1x1MDExOSBvIHN3b2plaiBkZWN5emppIGRyb2dcdTAxMDUgbWFpbG93XHUwMTA1IG5hIGFkcmVzIDxhIGhyZWY9XCJtYWlsdG86a29udGFrdEBpZGV0YWlscy5wbFwiPmtvbnRha3RAaWRldGFpbHMucGw8XC9hPi48XC9wPlxuPHA+PHN0cm9uZz41LjIuIFd5alx1MDEwNXRraSBvZCBwcmF3YSBvZHN0XHUwMTA1cGllbmlhPFwvc3Ryb25nPjxiciBcLz5QcmF3byBvZHN0XHUwMTA1cGllbmlhIG9kIHVtb3d5IG5pZSBwcnp5c1x1MDE0MnVndWplIHcgcHJ6eXBhZGt1OjxcL3A+XG48dWw+XG48bGk+cHJvZHVrdFx1MDBmM3cgd3lwcm9kdWtvd2FueWNoIHdlZFx1MDE0MnVnIHNwZWN5ZmlrYWNqaSBLbGllbnRhIGx1YiBzXHUwMTQydVx1MDE3Y1x1MDEwNWN5Y2ggemFzcG9rb2plbml1IGplZ28gemluZHl3aWR1YWxpem93YW55Y2ggcG90cnplYiAobnAuIHByb2R1a3R5IHBlcnNvbmFsaXpvd2FuZSksPFwvbGk+XG48bGk+cHJvZHVrdFx1MDBmM3csIGt0XHUwMGYzcmUgcG8gZG9zdGFyY3plbml1LCB6ZSB3emdsXHUwMTE5ZHUgbmEgc3dcdTAwZjNqIGNoYXJha3Rlciwgem9zdGFqXHUwMTA1IG5pZXJvelx1MDE0Mlx1MDEwNWN6bmllIHBvXHUwMTQyXHUwMTA1Y3pvbmUgeiBpbm55bWkgcnplY3phbWkuPFwvbGk+XG48XC91bD5cbjxwPjxzdHJvbmc+NS4zLiBSZWtsYW1hY2plPFwvc3Ryb25nPjxiciBcLz5XIHByenlwYWRrdSBzdHdpZXJkemVuaWEgd2FkeSBwcm9kdWt0dSwgS2xpZW50IG1hIHByYXdvIGRvIHpcdTAxNDJvXHUwMTdjZW5pYSByZWtsYW1hY2ppIG5hIHBvZHN0YXdpZSByXHUwMTE5a29qbWkgbHViIGd3YXJhbmNqaSwgamVcdTAxNWJsaSB6b3N0YVx1MDE0MmEgdWR6aWVsb25hLjxcL3A+XG48cD48c3Ryb25nPjUuNC4gUHJvY2VkdXJhIHJla2xhbWFjeWpuYTxcL3N0cm9uZz48YnIgXC8+UmVrbGFtYWNqZSBtb1x1MDE3Y25hIHpnXHUwMTQyYXN6YVx1MDEwNyBkcm9nXHUwMTA1IG1haWxvd1x1MDEwNSBuYSBhZHJlcyA8YSBocmVmPVwibWFpbHRvOmtvbnRha3RAaWRldGFpbHMucGxcIj5rb250YWt0QGlkZXRhaWxzLnBsPFwvYT4sIHBvZGFqXHUwMTA1Yzo8XC9wPlxuPHVsPlxuPGxpPmRhbmUgemFtYXdpYWpcdTAxMDVjZWdvLDxcL2xpPlxuPGxpPm51bWVyIHphbVx1MDBmM3dpZW5pYSw8XC9saT5cbjxsaT5vcGlzIHdhZHkgb3JheiB6ZGpcdTAxMTljaWEgKGplXHUwMTVibGkgdG8gbW9cdTAxN2NsaXdlKS48XC9saT5cbjxcL3VsPlxuPHA+U3ByemVkYXdjYSByb3pwYXRyenkgcmVrbGFtYWNqXHUwMTE5IHcgdGVybWluaWUgZG8gMTQgZG5pIGthbGVuZGFyem93eWNoIG9kIGplaiBvdHJ6eW1hbmlhIGkgcG9pbmZvcm11amUgS2xpZW50YSBvIGRhbHN6eW0gcG9zdFx1MDExOXBvd2FuaXUuIFcgcHJ6eXBhZGt1IHV6bmFuaWEgcmVrbGFtYWNqaSBLbGllbnQgbWEgcHJhd28gZG8gbmFwcmF3eSwgd3ltaWFueSBwcm9kdWt0dSBuYSB3b2xueSBvZCB3YWQsIG9ibmlcdTAxN2NlbmlhIGNlbnkgbHViIG9kc3RcdTAxMDVwaWVuaWEgb2QgdW1vd3ksIGplXHUwMTVibGkgd2FkYSBqZXN0IGlzdG90bmEuPFwvcD5cbjxwPkplXHUwMTVibGkgcHJvZHVrdCBqZXN0IG9ialx1MDExOXR5IGd3YXJhbmNqXHUwMTA1LCBLbGllbnQgbW9cdTAxN2NlIHNrb3J6eXN0YVx1MDEwNyB6IHVwcmF3bmllXHUwMTQ0IHd5bmlrYWpcdTAxMDVjeWNoIHogZ3dhcmFuY2ppIHpnb2RuaWUgeiBqZWogd2FydW5rYW1pLjxcL3A+XG48aDI+Ni4gT2Nocm9uYSBkYW55Y2ggb3NvYm93eWNoPFwvaDI+XG48cD42LjEuIERhbmUgb3NvYm93ZSBLbGllbnRcdTAwZjN3IHByemV0d2FyemFuZSBzXHUwMTA1IHpnb2RuaWUgeiBvYm93aVx1MDEwNXp1alx1MDEwNWN5bWkgcHJ6ZXBpc2FtaSBwcmF3YSBvcmF6IHBvbGl0eWtcdTAxMDUgcHJ5d2F0bm9cdTAxNWJjaSBkb3N0XHUwMTE5cG5cdTAxMDUgbmEgc3Ryb25pZSBza2xlcHUuPFwvcD5cbjxwPjYuMi4gS2xpZW50IG1hIHByYXdvIGRvIHdnbFx1MDEwNWR1LCBwb3ByYXd5IG9yYXogXHUwMTdjXHUwMTA1ZGFuaWEgdXN1bmlcdTAxMTljaWEgc3dvaWNoIGRhbnljaCBvc29ib3d5Y2guPFwvcD5cbjxoMj43LiBQb3N0YW5vd2llbmlhIGtvXHUwMTQ0Y293ZTxcL2gyPlxuPHA+Ny4xLiBXIHNwcmF3YWNoIG5pZXVyZWd1bG93YW55Y2ggbmluaWVqc3p5bSByZWd1bGFtaW5lbSB6YXN0b3Nvd2FuaWUgbWFqXHUwMTA1IHByemVwaXN5IHByYXdhIHBvbHNraWVnby48XC9wPlxuPHA+Ny4yLiBTcHJ6ZWRhd2NhIHphc3RyemVnYSBzb2JpZSBwcmF3byBkbyB3cHJvd2FkemFuaWEgem1pYW4gdyByZWd1bGFtaW5pZSwga3RcdTAwZjNyZSBvYm93aVx1MDEwNXp1alx1MDEwNSBvZCBtb21lbnR1IGljaCBwdWJsaWthY2ppIG5hIHN0cm9uaWUgc2tsZXB1LjxcL3A+XG48cD43LjMuIFdzemVsa2llIHNwb3J5IHd5bmlrYWpcdTAxMDVjZSB6IHJlYWxpemFjamkgemFtXHUwMGYzd2llXHUwMTQ0IGJcdTAxMTlkXHUwMTA1IHJvenN0cnp5Z2FuZSBwcnpleiB3XHUwMTQyYVx1MDE1YmNpd2Ugc1x1MDEwNWR5IHBvd3N6ZWNobmUuPFwvcD5cbjwhLS0gXC93cDpsaXN0IC0tPjwhLS0gd3A6aGVhZGluZyAtLT48IS0tIFwvd3A6cGFyYWdyYXBoIC0tPiJ9LCJlbGVtZW50cyI6W10sIndpZGdldFR5cGUiOiJ0ZXh0LWVkaXRvciJ9\\\"]\\t\\t\\t<\\\/div>\\n\\t\\t\\t\\t<\\\/div>\\n\\t\\t\",\"scripts\":[],\"styles\":[]}}"]},"_links":{"self":[{"href":"https:\/\/idetails.pl\/en\/wp-json\/wp\/v2\/pages\/3561","targetHints":{"allow":["GET"]}}],"collection":[{"href":"https:\/\/idetails.pl\/en\/wp-json\/wp\/v2\/pages"}],"about":[{"href":"https:\/\/idetails.pl\/en\/wp-json\/wp\/v2\/types\/page"}],"author":[{"embeddable":true,"href":"https:\/\/idetails.pl\/en\/wp-json\/wp\/v2\/users\/1"}],"replies":[{"embeddable":true,"href":"https:\/\/idetails.pl\/en\/wp-json\/wp\/v2\/comments?post=3561"}],"version-history":[{"count":10,"href":"https:\/\/idetails.pl\/en\/wp-json\/wp\/v2\/pages\/3561\/revisions"}],"predecessor-version":[{"id":3841,"href":"https:\/\/idetails.pl\/en\/wp-json\/wp\/v2\/pages\/3561\/revisions\/3841"}],"up":[{"embeddable":true,"href":"https:\/\/idetails.pl\/en\/wp-json\/wp\/v2\/pages\/5"}],"wp:attachment":[{"href":"https:\/\/idetails.pl\/en\/wp-json\/wp\/v2\/media?parent=3561"}],"curies":[{"name":"wp","href":"https:\/\/api.w.org\/{rel}","templated":true}]}}